{"id":929,"date":"2024-01-04T16:46:26","date_gmt":"2024-01-04T15:46:26","guid":{"rendered":"https:\/\/ardenoy.consulting\/ihmcoupure\/?page_id=929"},"modified":"2024-01-04T16:49:32","modified_gmt":"2024-01-04T15:49:32","slug":"documentation","status":"publish","type":"page","link":"https:\/\/ardenoy.consulting\/ihmcoupure\/documentation\/","title":{"rendered":"Documentation"},"content":{"rendered":"\t\t<div data-elementor-type=\"wp-page\" data-elementor-id=\"929\" class=\"elementor elementor-929\" data-elementor-settings=\"{&quot;ha_cmc_init_switcher&quot;:&quot;no&quot;}\" data-elementor-post-type=\"page\">\n\t\t\t\t\t\t<section class=\"elementor-section elementor-top-section elementor-element elementor-element-a34e80d elementor-section-content-middle elementor-section-full_width elementor-section-height-default elementor-section-height-default wpr-particle-no wpr-jarallax-no wpr-parallax-no wpr-sticky-section-no wpr-equal-height-no\" data-id=\"a34e80d\" data-element_type=\"section\" data-settings=\"{&quot;background_background&quot;:&quot;classic&quot;,&quot;_ha_eqh_enable&quot;:false}\">\n\t\t\t\t\t\t<div class=\"elementor-container elementor-column-gap-no\">\n\t\t\t\t\t<div class=\"elementor-column elementor-col-100 elementor-top-column elementor-element elementor-element-1f163ca\" data-id=\"1f163ca\" data-element_type=\"column\">\n\t\t\t<div class=\"elementor-widget-wrap elementor-element-populated\">\n\t\t\t\t\t\t<section class=\"elementor-section elementor-inner-section elementor-element elementor-element-a25a783 elementor-section-content-middle elementor-section-full_width elementor-section-height-default elementor-section-height-default wpr-particle-no wpr-jarallax-no wpr-parallax-no wpr-sticky-section-no wpr-equal-height-no\" data-id=\"a25a783\" data-element_type=\"section\" data-settings=\"{&quot;background_background&quot;:&quot;classic&quot;,&quot;animation_mobile&quot;:&quot;none&quot;,&quot;_ha_eqh_enable&quot;:false}\">\n\t\t\t\t\t\t<div class=\"elementor-container elementor-column-gap-no\">\n\t\t\t\t\t<div class=\"elementor-column elementor-col-100 elementor-inner-column elementor-element elementor-element-a056383\" data-id=\"a056383\" data-element_type=\"column\">\n\t\t\t<div class=\"elementor-widget-wrap elementor-element-populated\">\n\t\t\t\t\t\t<div class=\"elementor-element elementor-element-374b746 elementor-position-left elementor-mobile-position-left elementor-view-default elementor-widget elementor-widget-icon-box\" data-id=\"374b746\" data-element_type=\"widget\" data-widget_type=\"icon-box.default\">\n\t\t\t\t<div class=\"elementor-widget-container\">\n\t\t\t\t\t\t\t<div class=\"elementor-icon-box-wrapper\">\n\n\t\t\t\t\t\t<div class=\"elementor-icon-box-icon\">\n\t\t\t\t<span  class=\"elementor-icon\">\n\t\t\t\t<i aria-hidden=\"true\" class=\"icon icon-open-book\"><\/i>\t\t\t\t<\/span>\n\t\t\t<\/div>\n\t\t\t\n\t\t\t\t\t\t<div class=\"elementor-icon-box-content\">\n\n\t\t\t\t\t\t\t\t\t<h3 class=\"elementor-icon-box-title\">\n\t\t\t\t\t\t<span  >\n\t\t\t\t\t\t\tDocumentation\t\t\t\t\t\t<\/span>\n\t\t\t\t\t<\/h3>\n\t\t\t\t\n\t\t\t\t\n\t\t\t<\/div>\n\t\t\t\n\t\t<\/div>\n\t\t\t\t\t\t<\/div>\n\t\t\t\t<\/div>\n\t\t\t\t\t<\/div>\n\t\t<\/div>\n\t\t\t\t\t<\/div>\n\t\t<\/section>\n\t\t\t\t<section class=\"elementor-section elementor-inner-section elementor-element elementor-element-f530cac elementor-section-full_width elementor-section-height-full elementor-section-height-default wpr-particle-no wpr-jarallax-no wpr-parallax-no wpr-sticky-section-no wpr-equal-height-no\" data-id=\"f530cac\" data-element_type=\"section\" data-settings=\"{&quot;_ha_eqh_enable&quot;:false}\">\n\t\t\t\t\t\t<div class=\"elementor-container elementor-column-gap-default\">\n\t\t\t\t\t<div class=\"elementor-column elementor-col-100 elementor-inner-column elementor-element elementor-element-5d5a953\" data-id=\"5d5a953\" data-element_type=\"column\">\n\t\t\t<div class=\"elementor-widget-wrap\">\n\t\t\t\t\t\t\t<\/div>\n\t\t<\/div>\n\t\t\t\t\t<\/div>\n\t\t<\/section>\n\t\t\t\t\t<\/div>\n\t\t<\/div>\n\t\t\t\t\t<\/div>\n\t\t<\/section>\n\t\t\t\t<\/div>\n\t\t","protected":false},"excerpt":{"rendered":"<p>Documentation<\/p>\n","protected":false},"author":3,"featured_media":0,"parent":0,"menu_order":0,"comment_status":"closed","ping_status":"closed","template":"elementor_header_footer","meta":{"footnotes":""},"class_list":["post-929","page","type-page","status-publish","hentry"],"yoast_head":"<title>Documentation - IHM.COUPURES<\/title>\n<meta name=\"description\" content=\"Confiez la cr\u00e9ation de votre site internet d\u2019entreprise \u00e0 un professionnel. Choisissez parmi nos diff\u00e9rents mod\u00e8les de sites Web sp\u00e9cialement con\u00e7us pour r\u00e9pondre \u00e0 tous vos besoins.\" \/>\n<meta name=\"robots\" content=\"index, follow, max-snippet:-1, max-image-preview:large, max-video-preview:-1\" \/>\n<link rel=\"canonical\" href=\"https:\/\/ardenoy.consulting\/ihmcoupure\/documentation\/\" \/>\n<meta property=\"og:locale\" content=\"fr_FR\" \/>\n<meta property=\"og:type\" content=\"article\" \/>\n<meta property=\"og:title\" content=\"Documentation\" \/>\n<meta property=\"og:description\" content=\"Confiez la cr\u00e9ation de votre site internet d\u2019entreprise \u00e0 un professionnel. Choisissez parmi nos diff\u00e9rents mod\u00e8les de sites Web sp\u00e9cialement con\u00e7us pour r\u00e9pondre \u00e0 tous vos besoins.\" \/>\n<meta property=\"og:url\" content=\"https:\/\/ardenoy.consulting\/ihmcoupure\/documentation\/\" \/>\n<meta property=\"og:site_name\" content=\"IHM.COUPURES\" \/>\n<meta property=\"article:modified_time\" content=\"2024-01-04T15:49:32+00:00\" \/>\n<meta name=\"twitter:card\" content=\"summary_large_image\" \/>\n<script type=\"application\/ld+json\" class=\"yoast-schema-graph\">{\"@context\":\"https:\\\/\\\/schema.org\",\"@graph\":[{\"@type\":\"WebPage\",\"@id\":\"https:\\\/\\\/ardenoy.consulting\\\/ihmcoupure\\\/documentation\\\/\",\"url\":\"https:\\\/\\\/ardenoy.consulting\\\/ihmcoupure\\\/documentation\\\/\",\"name\":\"Documentation - IHM.COUPURES\",\"isPartOf\":{\"@id\":\"https:\\\/\\\/ardenoy.consulting\\\/ihmcoupure\\\/#website\"},\"datePublished\":\"2024-01-04T15:46:26+00:00\",\"dateModified\":\"2024-01-04T15:49:32+00:00\",\"description\":\"Confiez la cr\u00e9ation de votre site internet d\u2019entreprise \u00e0 un professionnel. Choisissez parmi nos diff\u00e9rents mod\u00e8les de sites Web sp\u00e9cialement con\u00e7us pour r\u00e9pondre \u00e0 tous vos besoins.\",\"breadcrumb\":{\"@id\":\"https:\\\/\\\/ardenoy.consulting\\\/ihmcoupure\\\/documentation\\\/#breadcrumb\"},\"inLanguage\":\"fr-FR\",\"potentialAction\":[{\"@type\":\"ReadAction\",\"target\":[\"https:\\\/\\\/ardenoy.consulting\\\/ihmcoupure\\\/documentation\\\/\"]}]},{\"@type\":\"BreadcrumbList\",\"@id\":\"https:\\\/\\\/ardenoy.consulting\\\/ihmcoupure\\\/documentation\\\/#breadcrumb\",\"itemListElement\":[{\"@type\":\"ListItem\",\"position\":1,\"name\":\"Accueil\",\"item\":\"https:\\\/\\\/ardenoy.consulting\\\/ihmcoupure\\\/\"},{\"@type\":\"ListItem\",\"position\":2,\"name\":\"Documentation\"}]},{\"@type\":\"WebSite\",\"@id\":\"https:\\\/\\\/ardenoy.consulting\\\/ihmcoupure\\\/#website\",\"url\":\"https:\\\/\\\/ardenoy.consulting\\\/ihmcoupure\\\/\",\"name\":\"IHM.COUPURES\",\"description\":\"\",\"publisher\":{\"@id\":\"https:\\\/\\\/ardenoy.consulting\\\/ihmcoupure\\\/#organization\"},\"alternateName\":\"Ardenoy Consulting\",\"potentialAction\":[{\"@type\":\"SearchAction\",\"target\":{\"@type\":\"EntryPoint\",\"urlTemplate\":\"https:\\\/\\\/ardenoy.consulting\\\/ihmcoupure\\\/?s={search_term_string}\"},\"query-input\":{\"@type\":\"PropertyValueSpecification\",\"valueRequired\":true,\"valueName\":\"search_term_string\"}}],\"inLanguage\":\"fr-FR\"},{\"@type\":\"Organization\",\"@id\":\"https:\\\/\\\/ardenoy.consulting\\\/ihmcoupure\\\/#organization\",\"name\":\"Ardenoy Consulting\",\"alternateName\":\"Jean-Philippe Ardenoy\",\"url\":\"https:\\\/\\\/ardenoy.consulting\\\/ihmcoupure\\\/\",\"logo\":{\"@type\":\"ImageObject\",\"inLanguage\":\"fr-FR\",\"@id\":\"https:\\\/\\\/ardenoy.consulting\\\/ihmcoupure\\\/#\\\/schema\\\/logo\\\/image\\\/\",\"url\":\"https:\\\/\\\/ardenoy.consulting\\\/ihmcoupure\\\/wp-content\\\/uploads\\\/sites\\\/68\\\/2023\\\/03\\\/cropped-icon-copie.png\",\"contentUrl\":\"https:\\\/\\\/ardenoy.consulting\\\/ihmcoupure\\\/wp-content\\\/uploads\\\/sites\\\/68\\\/2023\\\/03\\\/cropped-icon-copie.png\",\"width\":512,\"height\":512,\"caption\":\"Ardenoy Consulting\"},\"image\":{\"@id\":\"https:\\\/\\\/ardenoy.consulting\\\/ihmcoupure\\\/#\\\/schema\\\/logo\\\/image\\\/\"}}]}<\/script>","yoast_head_json":{"title":"Documentation - IHM.COUPURES","description":"Confiez la cr\u00e9ation de votre site internet d\u2019entreprise \u00e0 un professionnel. Choisissez parmi nos diff\u00e9rents mod\u00e8les de sites Web sp\u00e9cialement con\u00e7us pour r\u00e9pondre \u00e0 tous vos besoins.","robots":{"index":"index","follow":"follow","max-snippet":"max-snippet:-1","max-image-preview":"max-image-preview:large","max-video-preview":"max-video-preview:-1"},"canonical":"https:\/\/ardenoy.consulting\/ihmcoupure\/documentation\/","og_locale":"fr_FR","og_type":"article","og_title":"Documentation","og_description":"Confiez la cr\u00e9ation de votre site internet d\u2019entreprise \u00e0 un professionnel. Choisissez parmi nos diff\u00e9rents mod\u00e8les de sites Web sp\u00e9cialement con\u00e7us pour r\u00e9pondre \u00e0 tous vos besoins.","og_url":"https:\/\/ardenoy.consulting\/ihmcoupure\/documentation\/","og_site_name":"IHM.COUPURES","article_modified_time":"2024-01-04T15:49:32+00:00","twitter_card":"summary_large_image","schema":{"@context":"https:\/\/schema.org","@graph":[{"@type":"WebPage","@id":"https:\/\/ardenoy.consulting\/ihmcoupure\/documentation\/","url":"https:\/\/ardenoy.consulting\/ihmcoupure\/documentation\/","name":"Documentation - IHM.COUPURES","isPartOf":{"@id":"https:\/\/ardenoy.consulting\/ihmcoupure\/#website"},"datePublished":"2024-01-04T15:46:26+00:00","dateModified":"2024-01-04T15:49:32+00:00","description":"Confiez la cr\u00e9ation de votre site internet d\u2019entreprise \u00e0 un professionnel. Choisissez parmi nos diff\u00e9rents mod\u00e8les de sites Web sp\u00e9cialement con\u00e7us pour r\u00e9pondre \u00e0 tous vos besoins.","breadcrumb":{"@id":"https:\/\/ardenoy.consulting\/ihmcoupure\/documentation\/#breadcrumb"},"inLanguage":"fr-FR","potentialAction":[{"@type":"ReadAction","target":["https:\/\/ardenoy.consulting\/ihmcoupure\/documentation\/"]}]},{"@type":"BreadcrumbList","@id":"https:\/\/ardenoy.consulting\/ihmcoupure\/documentation\/#breadcrumb","itemListElement":[{"@type":"ListItem","position":1,"name":"Accueil","item":"https:\/\/ardenoy.consulting\/ihmcoupure\/"},{"@type":"ListItem","position":2,"name":"Documentation"}]},{"@type":"WebSite","@id":"https:\/\/ardenoy.consulting\/ihmcoupure\/#website","url":"https:\/\/ardenoy.consulting\/ihmcoupure\/","name":"IHM.COUPURES","description":"","publisher":{"@id":"https:\/\/ardenoy.consulting\/ihmcoupure\/#organization"},"alternateName":"Ardenoy Consulting","potentialAction":[{"@type":"SearchAction","target":{"@type":"EntryPoint","urlTemplate":"https:\/\/ardenoy.consulting\/ihmcoupure\/?s={search_term_string}"},"query-input":{"@type":"PropertyValueSpecification","valueRequired":true,"valueName":"search_term_string"}}],"inLanguage":"fr-FR"},{"@type":"Organization","@id":"https:\/\/ardenoy.consulting\/ihmcoupure\/#organization","name":"Ardenoy Consulting","alternateName":"Jean-Philippe Ardenoy","url":"https:\/\/ardenoy.consulting\/ihmcoupure\/","logo":{"@type":"ImageObject","inLanguage":"fr-FR","@id":"https:\/\/ardenoy.consulting\/ihmcoupure\/#\/schema\/logo\/image\/","url":"https:\/\/ardenoy.consulting\/ihmcoupure\/wp-content\/uploads\/sites\/68\/2023\/03\/cropped-icon-copie.png","contentUrl":"https:\/\/ardenoy.consulting\/ihmcoupure\/wp-content\/uploads\/sites\/68\/2023\/03\/cropped-icon-copie.png","width":512,"height":512,"caption":"Ardenoy Consulting"},"image":{"@id":"https:\/\/ardenoy.consulting\/ihmcoupure\/#\/schema\/logo\/image\/"}}]}},"_links":{"self":[{"href":"https:\/\/ardenoy.consulting\/ihmcoupure\/wp-json\/wp\/v2\/pages\/929","targetHints":{"allow":["GET"]}}],"collection":[{"href":"https:\/\/ardenoy.consulting\/ihmcoupure\/wp-json\/wp\/v2\/pages"}],"about":[{"href":"https:\/\/ardenoy.consulting\/ihmcoupure\/wp-json\/wp\/v2\/types\/page"}],"author":[{"embeddable":true,"href":"https:\/\/ardenoy.consulting\/ihmcoupure\/wp-json\/wp\/v2\/users\/3"}],"replies":[{"embeddable":true,"href":"https:\/\/ardenoy.consulting\/ihmcoupure\/wp-json\/wp\/v2\/comments?post=929"}],"version-history":[{"count":5,"href":"https:\/\/ardenoy.consulting\/ihmcoupure\/wp-json\/wp\/v2\/pages\/929\/revisions"}],"predecessor-version":[{"id":938,"href":"https:\/\/ardenoy.consulting\/ihmcoupure\/wp-json\/wp\/v2\/pages\/929\/revisions\/938"}],"wp:attachment":[{"href":"https:\/\/ardenoy.consulting\/ihmcoupure\/wp-json\/wp\/v2\/media?parent=929"}],"curies":[{"name":"wp","href":"https:\/\/api.w.org\/{rel}","templated":true}]}}